{"id":2,"date":"2025-03-03T14:18:18","date_gmt":"2025-03-03T13:18:18","guid":{"rendered":"http:\/\/vistapaysage.fr\/?page_id=2"},"modified":"2025-03-11T10:27:42","modified_gmt":"2025-03-11T09:27:42","slug":"services-paysagers-corse-du-sud","status":"publish","type":"page","link":"https:\/\/vistapaysage.fr\/?page_id=2","title":{"rendered":"Services paysagers Corse-du-Sud"},"content":{"rendered":"\n<div class=\"wp-block-group alignfull has-base-2-background-color has-background\" style=\"margin-top:0;margin-bottom:0;padding-top:var(--wp--preset--spacing--50);padding-right:var(--wp--preset--spacing--50);padding-bottom:var(--wp--preset--spacing--50);padding-left:var(--wp--preset--spacing--50)\"><div class=\"wp-block-group__inner-container is-layout-constrained wp-container-core-group-is-layout-2bafd31c wp-block-group-is-layout-constrained\">\n<div class=\"wp-block-group is-vertical is-content-justification-center is-layout-flex wp-container-core-group-is-layout-7681721f wp-block-group-is-layout-flex\">\n<h2 class=\"wp-block-heading has-text-align-center is-style-asterisk\">Une passion pour la cr\u00e9ation d\u2019espaces verts<\/h2>\n\n\n\n<div style=\"height:0px\" aria-hidden=\"true\" class=\"wp-block-spacer wp-container-content-4f2ccadb\"><\/div>\n\n\n\n<p class=\"has-text-align-center\">Votre paysagiste en Corse-du-Sud vous accompagne pour la conception personnalis\u00e9e, la r\u00e9alisation soign\u00e9e, l&#8217;entretien et la p\u00e9rennit\u00e9 de vos travaux d&#8217;ext\u00e9rieurs. D\u00e9couvrez d\u00e8s maintenant les services paysagers                                                      en Corse-du-Sud propos\u00e9s : <\/p>\n<\/div>\n<\/div><\/div>\n\n\n\n<div class=\"wp-block-columns is-layout-flex wp-container-core-columns-is-layout-9d6595d7 wp-block-columns-is-layout-flex\">\n<div class=\"wp-block-column is-layout-flow wp-block-column-is-layout-flow\"><div class=\"wp-block-image\">\n<figure class=\"aligncenter size-large\"><img loading=\"lazy\" decoding=\"async\" width=\"1024\" height=\"768\" src=\"https:\/\/vistapaysage.fr\/wp-content\/uploads\/2025\/03\/Twe-1-1024x768.png\" alt=\"Paysagiste en Corse-du-Sud - Vista Paysage\" class=\"wp-image-138\" srcset=\"https:\/\/vistapaysage.fr\/wp-content\/uploads\/2025\/03\/Twe-1-1024x768.png 1024w, https:\/\/vistapaysage.fr\/wp-content\/uploads\/2025\/03\/Twe-1-300x225.png 300w, https:\/\/vistapaysage.fr\/wp-content\/uploads\/2025\/03\/Twe-1-768x576.png 768w, https:\/\/vistapaysage.fr\/wp-content\/uploads\/2025\/03\/Twe-1-1536x1152.png 1536w, https:\/\/vistapaysage.fr\/wp-content\/uploads\/2025\/03\/Twe-1.png 1600w\" sizes=\"auto, (max-width: 706px) 89vw, (max-width: 767px) 82vw, 740px\" \/><\/figure>\n<\/div><\/div>\n\n\n\n<div class=\"wp-block-column is-layout-flow wp-block-column-is-layout-flow\"><div class=\"wp-block-image\">\n<figure class=\"aligncenter size-large\"><img loading=\"lazy\" decoding=\"async\" width=\"1024\" height=\"768\" src=\"https:\/\/vistapaysage.fr\/wp-content\/uploads\/2025\/03\/Twe-2-1024x768.png\" alt=\"\" class=\"wp-image-139\" srcset=\"https:\/\/vistapaysage.fr\/wp-content\/uploads\/2025\/03\/Twe-2-1024x768.png 1024w, https:\/\/vistapaysage.fr\/wp-content\/uploads\/2025\/03\/Twe-2-300x225.png 300w, https:\/\/vistapaysage.fr\/wp-content\/uploads\/2025\/03\/Twe-2-768x576.png 768w, https:\/\/vistapaysage.fr\/wp-content\/uploads\/2025\/03\/Twe-2-1536x1152.png 1536w, https:\/\/vistapaysage.fr\/wp-content\/uploads\/2025\/03\/Twe-2.png 1600w\" sizes=\"auto, (max-width: 706px) 89vw, (max-width: 767px) 82vw, 740px\" \/><\/figure>\n<\/div><\/div>\n<\/div>\n\n\n\n<div class=\"wp-block-columns is-layout-flex wp-container-core-columns-is-layout-9d6595d7 wp-block-columns-is-layout-flex\">\n<div class=\"wp-block-column is-layout-flow wp-block-column-is-layout-flow\"><div class=\"wp-block-image\">\n<figure class=\"aligncenter size-large\"><img loading=\"lazy\" decoding=\"async\" width=\"1024\" height=\"768\" src=\"https:\/\/vistapaysage.fr\/wp-content\/uploads\/2025\/03\/Twe-3-1024x768.png\" alt=\"\" class=\"wp-image-140\" srcset=\"https:\/\/vistapaysage.fr\/wp-content\/uploads\/2025\/03\/Twe-3-1024x768.png 1024w, https:\/\/vistapaysage.fr\/wp-content\/uploads\/2025\/03\/Twe-3-300x225.png 300w, https:\/\/vistapaysage.fr\/wp-content\/uploads\/2025\/03\/Twe-3-768x576.png 768w, https:\/\/vistapaysage.fr\/wp-content\/uploads\/2025\/03\/Twe-3-1536x1152.png 1536w, https:\/\/vistapaysage.fr\/wp-content\/uploads\/2025\/03\/Twe-3.png 1600w\" sizes=\"auto, (max-width: 706px) 89vw, (max-width: 767px) 82vw, 740px\" \/><\/figure>\n<\/div><\/div>\n\n\n\n<div class=\"wp-block-column is-layout-flow wp-block-column-is-layout-flow\"><div class=\"wp-block-image\">\n<figure class=\"aligncenter size-large\"><img loading=\"lazy\" decoding=\"async\" width=\"1024\" height=\"768\" src=\"https:\/\/vistapaysage.fr\/wp-content\/uploads\/2025\/03\/Twe-4-1024x768.png\" alt=\"Paysagiste en Corse-du-Sud - Vista Paysage\" class=\"wp-image-141\" srcset=\"https:\/\/vistapaysage.fr\/wp-content\/uploads\/2025\/03\/Twe-4-1024x768.png 1024w, https:\/\/vistapaysage.fr\/wp-content\/uploads\/2025\/03\/Twe-4-300x225.png 300w, https:\/\/vistapaysage.fr\/wp-content\/uploads\/2025\/03\/Twe-4-768x576.png 768w, https:\/\/vistapaysage.fr\/wp-content\/uploads\/2025\/03\/Twe-4-1536x1152.png 1536w, https:\/\/vistapaysage.fr\/wp-content\/uploads\/2025\/03\/Twe-4.png 1600w\" sizes=\"auto, (max-width: 706px) 89vw, (max-width: 767px) 82vw, 740px\" \/><\/figure>\n<\/div><\/div>\n<\/div>\n\n\n\n<div class=\"wp-block-columns is-layout-flex wp-container-core-columns-is-layout-9d6595d7 wp-block-columns-is-layout-flex\">\n<div class=\"wp-block-column is-layout-flow wp-block-column-is-layout-flow\"><div class=\"wp-block-image\">\n<figure class=\"aligncenter size-large\"><img loading=\"lazy\" decoding=\"async\" width=\"1024\" height=\"768\" src=\"https:\/\/vistapaysage.fr\/wp-content\/uploads\/2025\/03\/Twe-7-1024x768.png\" alt=\"Paysagiste en Corse-du-Sud - Vista Paysage\" class=\"wp-image-144\" srcset=\"https:\/\/vistapaysage.fr\/wp-content\/uploads\/2025\/03\/Twe-7-1024x768.png 1024w, https:\/\/vistapaysage.fr\/wp-content\/uploads\/2025\/03\/Twe-7-300x225.png 300w, https:\/\/vistapaysage.fr\/wp-content\/uploads\/2025\/03\/Twe-7-768x576.png 768w, https:\/\/vistapaysage.fr\/wp-content\/uploads\/2025\/03\/Twe-7-1536x1152.png 1536w, https:\/\/vistapaysage.fr\/wp-content\/uploads\/2025\/03\/Twe-7.png 1600w\" sizes=\"auto, (max-width: 706px) 89vw, (max-width: 767px) 82vw, 740px\" \/><\/figure>\n<\/div><\/div>\n\n\n\n<div class=\"wp-block-column is-layout-flow wp-block-column-is-layout-flow\"><div class=\"wp-block-image\">\n<figure class=\"aligncenter size-large\"><img loading=\"lazy\" decoding=\"async\" width=\"1024\" height=\"768\" src=\"https:\/\/vistapaysage.fr\/wp-content\/uploads\/2025\/03\/Twe-6-1024x768.png\" alt=\"Paysagiste en Corse-du-Sud - Vista Paysage\" class=\"wp-image-143\" srcset=\"https:\/\/vistapaysage.fr\/wp-content\/uploads\/2025\/03\/Twe-6-1024x768.png 1024w, https:\/\/vistapaysage.fr\/wp-content\/uploads\/2025\/03\/Twe-6-300x225.png 300w, https:\/\/vistapaysage.fr\/wp-content\/uploads\/2025\/03\/Twe-6-768x576.png 768w, https:\/\/vistapaysage.fr\/wp-content\/uploads\/2025\/03\/Twe-6-1536x1152.png 1536w, https:\/\/vistapaysage.fr\/wp-content\/uploads\/2025\/03\/Twe-6.png 1600w\" sizes=\"auto, (max-width: 706px) 89vw, (max-width: 767px) 82vw, 740px\" \/><\/figure>\n<\/div><\/div>\n<\/div>\n\n\n\n<div class=\"wp-block-columns is-layout-flex wp-container-core-columns-is-layout-9d6595d7 wp-block-columns-is-layout-flex\">\n<div class=\"wp-block-column is-layout-flow wp-block-column-is-layout-flow\">\n<figure class=\"wp-block-image size-large\"><img loading=\"lazy\" decoding=\"async\" width=\"1024\" height=\"768\" src=\"http:\/\/vistapaysage.fr\/wp-content\/uploads\/2025\/03\/Twe-11-1-1024x768.png\" alt=\"Paysagiste en Corse-du-Sud | Cr\u00e9ation &amp; Entretien - Vista Paysage\" class=\"wp-image-215\" srcset=\"https:\/\/vistapaysage.fr\/wp-content\/uploads\/2025\/03\/Twe-11-1-1024x768.png 1024w, https:\/\/vistapaysage.fr\/wp-content\/uploads\/2025\/03\/Twe-11-1-300x225.png 300w, https:\/\/vistapaysage.fr\/wp-content\/uploads\/2025\/03\/Twe-11-1-768x576.png 768w, https:\/\/vistapaysage.fr\/wp-content\/uploads\/2025\/03\/Twe-11-1-1536x1152.png 1536w, https:\/\/vistapaysage.fr\/wp-content\/uploads\/2025\/03\/Twe-11-1.png 1600w\" sizes=\"auto, (max-width: 706px) 89vw, (max-width: 767px) 82vw, 740px\" \/><\/figure>\n<\/div>\n\n\n\n<div class=\"wp-block-column is-layout-flow wp-block-column-is-layout-flow\">\n<figure class=\"wp-block-image size-large is-style-default\"><img loading=\"lazy\" decoding=\"async\" width=\"1024\" height=\"768\" src=\"http:\/\/vistapaysage.fr\/wp-content\/uploads\/2025\/03\/Twe-10-1024x768.png\" alt=\"Paysagiste en Corse-du-Sud - Vista Paysage\" class=\"wp-image-213\" srcset=\"https:\/\/vistapaysage.fr\/wp-content\/uploads\/2025\/03\/Twe-10-1024x768.png 1024w, https:\/\/vistapaysage.fr\/wp-content\/uploads\/2025\/03\/Twe-10-300x225.png 300w, https:\/\/vistapaysage.fr\/wp-content\/uploads\/2025\/03\/Twe-10-768x576.png 768w, https:\/\/vistapaysage.fr\/wp-content\/uploads\/2025\/03\/Twe-10-1536x1152.png 1536w, https:\/\/vistapaysage.fr\/wp-content\/uploads\/2025\/03\/Twe-10.png 1600w\" sizes=\"auto, (max-width: 706px) 89vw, (max-width: 767px) 82vw, 740px\" \/><\/figure>\n<\/div>\n<\/div>\n\n\n\n<p>Nos services correspondent \u00e0 vos besoins ? Vous souhaitez en savoirs plus, demandez un devis ou mettre en \u0153uvre vos projets ? N&#8217;h\u00e9sitez pas \u00e0 remplir le formulaire de contact.<\/p>\n\n\n\n<div class=\"wp-block-buttons is-content-justification-center is-layout-flex wp-container-core-buttons-is-layout-16018d1d wp-block-buttons-is-layout-flex\">\n<div class=\"wp-block-button\"><a class=\"wp-block-button__link wp-element-button\" href=\"https:\/\/vistapaysage.fr\/?page_id=62\">Contactez-nous<\/a><\/div>\n<\/div>\n\n\n\n<div class=\"wp-block-group alignfull is-content-justification-center is-layout-flex wp-container-core-group-is-layout-fbf0f7ab wp-block-group-is-layout-flex\" style=\"margin-top:0;margin-bottom:0;padding-top:var(--wp--preset--spacing--50);padding-right:var(--wp--preset--spacing--30);padding-bottom:var(--wp--preset--spacing--50);padding-left:var(--wp--preset--spacing--30)\">\n<div class=\"wp-block-group wp-container-content-9cfa9a5a is-vertical is-content-justification-left is-layout-flex wp-container-core-group-is-layout-e497e2f9 wp-block-group-is-layout-flex\"><h1 class=\"wp-block-site-title has-medium-font-size\"><a href=\"https:\/\/vistapaysage.fr\" target=\"_self\" rel=\"home\">Vista Paysage<\/a><\/h1>\n\n\n<p class=\"has-text-align-left\">11 clos vista d&#8217;agosta<\/p>\n\n\n\n<p>20166 Pietrosella<\/p>\n\n\n\n<p class=\"has-text-align-left has-small-font-size\"><\/p>\n\n\n\n<div style=\"height:0px\" aria-hidden=\"true\" class=\"wp-block-spacer wp-container-content-541a6b20\"><\/div>\n<\/div>\n\n\n<div class=\"is-default-size wp-block-site-logo\"><a href=\"https:\/\/vistapaysage.fr\/\" class=\"custom-logo-link\" rel=\"home\"><img loading=\"lazy\" decoding=\"async\" width=\"250\" height=\"250\" src=\"https:\/\/vistapaysage.fr\/wp-content\/uploads\/2025\/03\/cropped-Post-Carrousel-Instagram-conseils-Yoga-bien-etre-minimaliste-et-moderne-blanc-et-noir-2.png\" class=\"custom-logo\" alt=\"Logo entreprise Vista paysage\" srcset=\"https:\/\/vistapaysage.fr\/wp-content\/uploads\/2025\/03\/cropped-Post-Carrousel-Instagram-conseils-Yoga-bien-etre-minimaliste-et-moderne-blanc-et-noir-2.png 250w, https:\/\/vistapaysage.fr\/wp-content\/uploads\/2025\/03\/cropped-Post-Carrousel-Instagram-conseils-Yoga-bien-etre-minimaliste-et-moderne-blanc-et-noir-2-150x150.png 150w, https:\/\/vistapaysage.fr\/wp-content\/uploads\/2025\/03\/cropped-Post-Carrousel-Instagram-conseils-Yoga-bien-etre-minimaliste-et-moderne-blanc-et-noir-2-100x100.png 100w\" sizes=\"auto, 100vw\" \/><\/a><\/div>\n\n\n<div class=\"wp-block-group is-content-justification-center is-layout-flex wp-container-core-group-is-layout-25a1eb9d wp-block-group-is-layout-flex\">\n<div class=\"wp-block-group is-vertical is-content-justification-right is-layout-flex wp-container-core-group-is-layout-b6c475e2 wp-block-group-is-layout-flex\">\n<p class=\"has-text-align-left\"><strong>Social<\/strong><\/p>\n\n\n\n<div class=\"wp-block-group is-vertical is-content-justification-right is-layout-flex wp-container-core-group-is-layout-bfa53120 wp-block-group-is-layout-flex\">\n<p><a href=\"https:\/\/www.instagram.com\/vistapaysage\/\">Instagram<\/a><\/p>\n\n\n\n<p><\/p>\n<\/div>\n\n\n\n<div style=\"height:0px\" aria-hidden=\"true\" class=\"wp-block-spacer wp-container-content-541a6b20\"><\/div>\n<\/div>\n<\/div>\n<\/div>\n","protected":false},"excerpt":{"rendered":"<p>Une passion pour la cr\u00e9ation d\u2019espaces verts Votre paysagiste en Corse-du-Sud vous accompagne pour la conception personnalis\u00e9e, la r\u00e9alisation soign\u00e9e, l&#8217;entretien et la p\u00e9rennit\u00e9 de vos travaux d&#8217;ext\u00e9rieurs. D\u00e9couvrez d\u00e8s maintenant les services paysagers en Corse-du-Sud propos\u00e9s : Nos services correspondent \u00e0 vos besoins ? Vous souhaitez en savoirs plus, demandez un devis ou mettre &hellip; <\/p>\n<p class=\"link-more\"><a href=\"https:\/\/vistapaysage.fr\/?page_id=2\" class=\"more-link\">Continue reading<span class=\"screen-reader-text\"> &#8220;Services paysagers Corse-du-Sud&#8221;<\/span><\/a><\/p>\n","protected":false},"author":1,"featured_media":0,"parent":0,"menu_order":0,"comment_status":"closed","ping_status":"open","template":"","meta":{"_monsterinsights_skip_tracking":false,"_monsterinsights_sitenote_active":false,"_monsterinsights_sitenote_note":"","_monsterinsights_sitenote_category":0,"footnotes":""},"class_list":["post-2","page","type-page","status-publish","hentry"],"aioseo_notices":[],"yoast_head":"<!-- This site is optimized with the Yoast SEO plugin v27.3 - https:\/\/yoast.com\/product\/yoast-seo-wordpress\/ -->\n<title>Services paysagers Corse-du-Sud - Vista paysage<\/title>\n<meta name=\"description\" content=\"D\u00e9couvrez les services paysagers en Corse-du-Sud de Vista Paysage : Cr\u00e9ation, am\u00e9nagement et entretien de vos ext\u00e9rieurs. Contactez nous !\" \/>\n<meta name=\"robots\" content=\"index, follow, max-snippet:-1, max-image-preview:large, max-video-preview:-1\" \/>\n<link rel=\"canonical\" href=\"https:\/\/vistapaysage.fr\/?page_id=2\" \/>\n<meta property=\"og:locale\" content=\"en_US\" \/>\n<meta property=\"og:type\" content=\"article\" \/>\n<meta property=\"og:title\" content=\"Services paysagers Corse-du-Sud - Vista paysage\" \/>\n<meta property=\"og:description\" content=\"D\u00e9couvrez les services paysagers en Corse-du-Sud de Vista Paysage : Cr\u00e9ation, am\u00e9nagement et entretien de vos ext\u00e9rieurs. Contactez nous !\" \/>\n<meta property=\"og:url\" content=\"https:\/\/vistapaysage.fr\/?page_id=2\" \/>\n<meta property=\"og:site_name\" content=\"Vista Paysage\" \/>\n<meta property=\"article:modified_time\" content=\"2025-03-11T09:27:42+00:00\" \/>\n<meta property=\"og:image\" content=\"https:\/\/vistapaysage.fr\/wp-content\/uploads\/2025\/03\/Twe-1-1024x768.png\" \/>\n<meta name=\"twitter:card\" content=\"summary_large_image\" \/>\n<meta name=\"twitter:label1\" content=\"Est. reading time\" \/>\n\t<meta name=\"twitter:data1\" content=\"2 minutes\" \/>\n<script type=\"application\/ld+json\" class=\"yoast-schema-graph\">{\"@context\":\"https:\\\/\\\/schema.org\",\"@graph\":[{\"@type\":\"WebPage\",\"@id\":\"https:\\\/\\\/vistapaysage.fr\\\/?page_id=2\",\"url\":\"https:\\\/\\\/vistapaysage.fr\\\/?page_id=2\",\"name\":\"Services paysagers Corse-du-Sud - Vista paysage\",\"isPartOf\":{\"@id\":\"https:\\\/\\\/vistapaysage.fr\\\/#website\"},\"primaryImageOfPage\":{\"@id\":\"https:\\\/\\\/vistapaysage.fr\\\/?page_id=2#primaryimage\"},\"image\":{\"@id\":\"https:\\\/\\\/vistapaysage.fr\\\/?page_id=2#primaryimage\"},\"thumbnailUrl\":\"https:\\\/\\\/vistapaysage.fr\\\/wp-content\\\/uploads\\\/2025\\\/03\\\/Twe-1-1024x768.png\",\"datePublished\":\"2025-03-03T13:18:18+00:00\",\"dateModified\":\"2025-03-11T09:27:42+00:00\",\"description\":\"D\u00e9couvrez les services paysagers en Corse-du-Sud de Vista Paysage : Cr\u00e9ation, am\u00e9nagement et entretien de vos ext\u00e9rieurs. Contactez nous !\",\"breadcrumb\":{\"@id\":\"https:\\\/\\\/vistapaysage.fr\\\/?page_id=2#breadcrumb\"},\"inLanguage\":\"en-US\",\"potentialAction\":[{\"@type\":\"ReadAction\",\"target\":[\"https:\\\/\\\/vistapaysage.fr\\\/?page_id=2\"]}]},{\"@type\":\"ImageObject\",\"inLanguage\":\"en-US\",\"@id\":\"https:\\\/\\\/vistapaysage.fr\\\/?page_id=2#primaryimage\",\"url\":\"https:\\\/\\\/vistapaysage.fr\\\/wp-content\\\/uploads\\\/2025\\\/03\\\/Twe-1.png\",\"contentUrl\":\"https:\\\/\\\/vistapaysage.fr\\\/wp-content\\\/uploads\\\/2025\\\/03\\\/Twe-1.png\",\"width\":1600,\"height\":1200,\"caption\":\"photo d'une ampoule avec un crayon qui illustre une id\u00e9e\"},{\"@type\":\"BreadcrumbList\",\"@id\":\"https:\\\/\\\/vistapaysage.fr\\\/?page_id=2#breadcrumb\",\"itemListElement\":[{\"@type\":\"ListItem\",\"position\":1,\"name\":\"Accueil\",\"item\":\"https:\\\/\\\/vistapaysage.fr\\\/\"},{\"@type\":\"ListItem\",\"position\":2,\"name\":\"Services paysagers Corse-du-Sud\"}]},{\"@type\":\"WebSite\",\"@id\":\"https:\\\/\\\/vistapaysage.fr\\\/#website\",\"url\":\"https:\\\/\\\/vistapaysage.fr\\\/\",\"name\":\"Vista Paysage\",\"description\":\"Votre &quot;Uni-Vert&quot; sur mesure.\",\"publisher\":{\"@id\":\"https:\\\/\\\/vistapaysage.fr\\\/#organization\"},\"potentialAction\":[{\"@type\":\"SearchAction\",\"target\":{\"@type\":\"EntryPoint\",\"urlTemplate\":\"https:\\\/\\\/vistapaysage.fr\\\/?s={search_term_string}\"},\"query-input\":{\"@type\":\"PropertyValueSpecification\",\"valueRequired\":true,\"valueName\":\"search_term_string\"}}],\"inLanguage\":\"en-US\"},{\"@type\":\"Organization\",\"@id\":\"https:\\\/\\\/vistapaysage.fr\\\/#organization\",\"name\":\"Vista paysage\",\"alternateName\":\"Vista paysage\",\"url\":\"https:\\\/\\\/vistapaysage.fr\\\/\",\"logo\":{\"@type\":\"ImageObject\",\"inLanguage\":\"en-US\",\"@id\":\"https:\\\/\\\/vistapaysage.fr\\\/#\\\/schema\\\/logo\\\/image\\\/\",\"url\":\"https:\\\/\\\/vistapaysage.fr\\\/wp-content\\\/uploads\\\/2025\\\/03\\\/cropped-Post-Carrousel-Instagram-conseils-Yoga-bien-etre-minimaliste-et-moderne-blanc-et-noir-2.png\",\"contentUrl\":\"https:\\\/\\\/vistapaysage.fr\\\/wp-content\\\/uploads\\\/2025\\\/03\\\/cropped-Post-Carrousel-Instagram-conseils-Yoga-bien-etre-minimaliste-et-moderne-blanc-et-noir-2.png\",\"width\":250,\"height\":250,\"caption\":\"Vista paysage\"},\"image\":{\"@id\":\"https:\\\/\\\/vistapaysage.fr\\\/#\\\/schema\\\/logo\\\/image\\\/\"}}]}<\/script>\n<!-- \/ Yoast SEO plugin. -->","yoast_head_json":{"title":"Services paysagers Corse-du-Sud - Vista paysage","description":"D\u00e9couvrez les services paysagers en Corse-du-Sud de Vista Paysage : Cr\u00e9ation, am\u00e9nagement et entretien de vos ext\u00e9rieurs. Contactez nous !","robots":{"index":"index","follow":"follow","max-snippet":"max-snippet:-1","max-image-preview":"max-image-preview:large","max-video-preview":"max-video-preview:-1"},"canonical":"https:\/\/vistapaysage.fr\/?page_id=2","og_locale":"en_US","og_type":"article","og_title":"Services paysagers Corse-du-Sud - Vista paysage","og_description":"D\u00e9couvrez les services paysagers en Corse-du-Sud de Vista Paysage : Cr\u00e9ation, am\u00e9nagement et entretien de vos ext\u00e9rieurs. Contactez nous !","og_url":"https:\/\/vistapaysage.fr\/?page_id=2","og_site_name":"Vista Paysage","article_modified_time":"2025-03-11T09:27:42+00:00","og_image":[{"url":"https:\/\/vistapaysage.fr\/wp-content\/uploads\/2025\/03\/Twe-1-1024x768.png","type":"","width":"","height":""}],"twitter_card":"summary_large_image","twitter_misc":{"Est. reading time":"2 minutes"},"schema":{"@context":"https:\/\/schema.org","@graph":[{"@type":"WebPage","@id":"https:\/\/vistapaysage.fr\/?page_id=2","url":"https:\/\/vistapaysage.fr\/?page_id=2","name":"Services paysagers Corse-du-Sud - Vista paysage","isPartOf":{"@id":"https:\/\/vistapaysage.fr\/#website"},"primaryImageOfPage":{"@id":"https:\/\/vistapaysage.fr\/?page_id=2#primaryimage"},"image":{"@id":"https:\/\/vistapaysage.fr\/?page_id=2#primaryimage"},"thumbnailUrl":"https:\/\/vistapaysage.fr\/wp-content\/uploads\/2025\/03\/Twe-1-1024x768.png","datePublished":"2025-03-03T13:18:18+00:00","dateModified":"2025-03-11T09:27:42+00:00","description":"D\u00e9couvrez les services paysagers en Corse-du-Sud de Vista Paysage : Cr\u00e9ation, am\u00e9nagement et entretien de vos ext\u00e9rieurs. Contactez nous !","breadcrumb":{"@id":"https:\/\/vistapaysage.fr\/?page_id=2#breadcrumb"},"inLanguage":"en-US","potentialAction":[{"@type":"ReadAction","target":["https:\/\/vistapaysage.fr\/?page_id=2"]}]},{"@type":"ImageObject","inLanguage":"en-US","@id":"https:\/\/vistapaysage.fr\/?page_id=2#primaryimage","url":"https:\/\/vistapaysage.fr\/wp-content\/uploads\/2025\/03\/Twe-1.png","contentUrl":"https:\/\/vistapaysage.fr\/wp-content\/uploads\/2025\/03\/Twe-1.png","width":1600,"height":1200,"caption":"photo d'une ampoule avec un crayon qui illustre une id\u00e9e"},{"@type":"BreadcrumbList","@id":"https:\/\/vistapaysage.fr\/?page_id=2#breadcrumb","itemListElement":[{"@type":"ListItem","position":1,"name":"Accueil","item":"https:\/\/vistapaysage.fr\/"},{"@type":"ListItem","position":2,"name":"Services paysagers Corse-du-Sud"}]},{"@type":"WebSite","@id":"https:\/\/vistapaysage.fr\/#website","url":"https:\/\/vistapaysage.fr\/","name":"Vista Paysage","description":"Votre &quot;Uni-Vert&quot; sur mesure.","publisher":{"@id":"https:\/\/vistapaysage.fr\/#organization"},"potentialAction":[{"@type":"SearchAction","target":{"@type":"EntryPoint","urlTemplate":"https:\/\/vistapaysage.fr\/?s={search_term_string}"},"query-input":{"@type":"PropertyValueSpecification","valueRequired":true,"valueName":"search_term_string"}}],"inLanguage":"en-US"},{"@type":"Organization","@id":"https:\/\/vistapaysage.fr\/#organization","name":"Vista paysage","alternateName":"Vista paysage","url":"https:\/\/vistapaysage.fr\/","logo":{"@type":"ImageObject","inLanguage":"en-US","@id":"https:\/\/vistapaysage.fr\/#\/schema\/logo\/image\/","url":"https:\/\/vistapaysage.fr\/wp-content\/uploads\/2025\/03\/cropped-Post-Carrousel-Instagram-conseils-Yoga-bien-etre-minimaliste-et-moderne-blanc-et-noir-2.png","contentUrl":"https:\/\/vistapaysage.fr\/wp-content\/uploads\/2025\/03\/cropped-Post-Carrousel-Instagram-conseils-Yoga-bien-etre-minimaliste-et-moderne-blanc-et-noir-2.png","width":250,"height":250,"caption":"Vista paysage"},"image":{"@id":"https:\/\/vistapaysage.fr\/#\/schema\/logo\/image\/"}}]}},"_links":{"self":[{"href":"https:\/\/vistapaysage.fr\/index.php?rest_route=\/wp\/v2\/pages\/2","targetHints":{"allow":["GET"]}}],"collection":[{"href":"https:\/\/vistapaysage.fr\/index.php?rest_route=\/wp\/v2\/pages"}],"about":[{"href":"https:\/\/vistapaysage.fr\/index.php?rest_route=\/wp\/v2\/types\/page"}],"author":[{"embeddable":true,"href":"https:\/\/vistapaysage.fr\/index.php?rest_route=\/wp\/v2\/users\/1"}],"replies":[{"embeddable":true,"href":"https:\/\/vistapaysage.fr\/index.php?rest_route=%2Fwp%2Fv2%2Fcomments&post=2"}],"version-history":[{"count":10,"href":"https:\/\/vistapaysage.fr\/index.php?rest_route=\/wp\/v2\/pages\/2\/revisions"}],"predecessor-version":[{"id":218,"href":"https:\/\/vistapaysage.fr\/index.php?rest_route=\/wp\/v2\/pages\/2\/revisions\/218"}],"wp:attachment":[{"href":"https:\/\/vistapaysage.fr\/index.php?rest_route=%2Fwp%2Fv2%2Fmedia&parent=2"}],"curies":[{"name":"wp","href":"https:\/\/api.w.org\/{rel}","templated":true}]}}