{"id":62,"date":"2025-03-04T11:28:28","date_gmt":"2025-03-04T10:28:28","guid":{"rendered":"https:\/\/vistapaysage.fr\/?page_id=62"},"modified":"2025-03-11T10:55:44","modified_gmt":"2025-03-11T09:55:44","slug":"contact","status":"publish","type":"page","link":"https:\/\/vistapaysage.fr\/?page_id=62","title":{"rendered":"Contact"},"content":{"rendered":"\n<p>Vous souhaitez concr\u00e9tiser vos projets paysagers, embellir et entretenir vos ext\u00e9rieurs ou obtenir des conseils sur l\u2019am\u00e9nagement de votre jardin ? <strong>Vista Paysage<\/strong> vous accompagne dans la cr\u00e9ation, la mise en valeur et l\u2019entretien de vos espaces verts. Que ce soit pour une conception sur-mesure, une r\u00e9novation paysag\u00e8re ou un entretien r\u00e9gulier, nous mettons notre expertise \u00e0 votre service pour sublimer votre environnement. N&#8217;h\u00e9sitez pas \u00e0 remplir le formulaire de contact. <\/p>\n\n\n\n<p>\ud83d\udce9 Pour toute <strong>demande de devis ou d&#8217;information<\/strong>, veuillez remplir le formulaire  en pr\u00e9cisant l&#8217;objet de votre requ\u00eate et en d\u00e9taillant vos besoins dans la description. Nous vous r\u00e9pondrons dans les plus brefs d\u00e9lais.<\/p>\n\n\n\n<div class=\"wp-block-contact-form-7-contact-form-selector\">\n<div class=\"wpcf7 no-js\" id=\"wpcf7-f34-o1\" lang=\"fr-FR\" dir=\"ltr\" data-wpcf7-id=\"34\">\n<div class=\"screen-reader-response\"><p role=\"status\" aria-live=\"polite\" aria-atomic=\"true\"><\/p> <ul><\/ul><\/div>\n<form action=\"\/index.php?rest_route=%2Fwp%2Fv2%2Fpages%2F62#wpcf7-f34-o1\" method=\"post\" class=\"wpcf7-form init\" aria-label=\"Formulaire de contact\" enctype=\"multipart\/form-data\" novalidate=\"novalidate\" data-status=\"init\">\n<div style=\"display: none;\">\n<input type=\"hidden\" name=\"_wpcf7\" value=\"34\" \/>\n<input type=\"hidden\" name=\"_wpcf7_version\" value=\"6.0.4\" \/>\n<input type=\"hidden\" name=\"_wpcf7_locale\" value=\"fr_FR\" \/>\n<input type=\"hidden\" name=\"_wpcf7_unit_tag\" value=\"wpcf7-f34-o1\" \/>\n<input type=\"hidden\" name=\"_wpcf7_container_post\" value=\"0\" \/>\n<input type=\"hidden\" name=\"_wpcf7_posted_data_hash\" value=\"\" \/>\n<\/div>\n<p><label> Votre nom<br \/>\n<span class=\"wpcf7-form-control-wrap\" data-name=\"your-name\"><input size=\"40\" maxlength=\"400\" class=\"wpcf7-form-control wpcf7-text wpcf7-validates-as-required\" autocomplete=\"name\" aria-required=\"true\" aria-invalid=\"false\" value=\"\" type=\"text\" name=\"your-name\" \/><\/span> <\/label>\n<\/p>\n<p><label> Votre e-mail<br \/>\n<span class=\"wpcf7-form-control-wrap\" data-name=\"your-email\"><input size=\"40\" maxlength=\"400\" class=\"wpcf7-form-control wpcf7-email wpcf7-validates-as-required wpcf7-text wpcf7-validates-as-email\" autocomplete=\"email\" aria-required=\"true\" aria-invalid=\"false\" value=\"\" type=\"email\" name=\"your-email\" \/><\/span> <\/label>\n<\/p>\n<p><label> Votre t\u00e9l\u00e9phone<br \/>\n<span class=\"wpcf7-form-control-wrap\" data-name=\"your-phone\"><input size=\"40\" maxlength=\"400\" class=\"wpcf7-form-control wpcf7-tel wpcf7-validates-as-required wpcf7-text wpcf7-validates-as-tel\" autocomplete=\"tel\" aria-required=\"true\" aria-invalid=\"false\" value=\"\" type=\"tel\" name=\"your-phone\" \/><\/span><br \/>\n<\/label>\n<\/p>\n<p><label> Objet<br \/>\n<span class=\"wpcf7-form-control-wrap\" data-name=\"your-subject\"><input size=\"40\" maxlength=\"400\" class=\"wpcf7-form-control wpcf7-text wpcf7-validates-as-required\" aria-required=\"true\" aria-invalid=\"false\" value=\"\" type=\"text\" name=\"your-subject\" \/><\/span> <\/label>\n<\/p>\n<p><label> Joindre un fichier :<br \/>\n<span class=\"wpcf7-form-control-wrap\" data-name=\"your-file\"><input size=\"40\" class=\"wpcf7-form-control wpcf7-file\" accept=\".pdf,.jpg,.png\" aria-invalid=\"false\" type=\"file\" name=\"your-file\" \/><\/span><br \/>\n<\/label>\n<\/p>\n<p><label> Votre message (facultatif)<br \/>\n<span class=\"wpcf7-form-control-wrap\" data-name=\"your-message\"><textarea cols=\"40\" rows=\"10\" maxlength=\"2000\" class=\"wpcf7-form-control wpcf7-textarea\" aria-invalid=\"false\" name=\"your-message\"><\/textarea><\/span> <\/label>\n<\/p>\n<p><input class=\"wpcf7-form-control wpcf7-submit has-spinner\" type=\"submit\" value=\"Envoyer\" \/>\n<\/p><div class=\"wpcf7-response-output\" aria-hidden=\"true\"><\/div>\n<\/form>\n<\/div>\n<\/div>\n\n\n\n<hr class=\"wp-block-separator has-alpha-channel-opacity\"\/>\n\n\n\n<p>Vous pouvez d\u00e9couvrir la zone d&#8217;intervention de Vista Paysage.<\/p>\n\n\n\n<div class=\"wp-block-buttons is-content-justification-center is-layout-flex wp-container-core-buttons-is-layout-16018d1d wp-block-buttons-is-layout-flex\">\n<div class=\"wp-block-button\"><a class=\"wp-block-button__link wp-element-button\" href=\"https:\/\/vistapaysage.fr\/?page_id=61\">Consulter<\/a><\/div>\n<\/div>\n\n\n\n<div class=\"wp-block-group alignfull is-content-justification-center is-layout-flex wp-container-core-group-is-layout-fbf0f7ab wp-block-group-is-layout-flex\" style=\"margin-top:0;margin-bottom:0;padding-top:var(--wp--preset--spacing--50);padding-right:var(--wp--preset--spacing--30);padding-bottom:var(--wp--preset--spacing--50);padding-left:var(--wp--preset--spacing--30)\">\n<div class=\"wp-block-group wp-container-content-9cfa9a5a is-vertical is-content-justification-left is-layout-flex wp-container-core-group-is-layout-e497e2f9 wp-block-group-is-layout-flex\"><h1 class=\"wp-block-site-title has-medium-font-size\"><a href=\"https:\/\/vistapaysage.fr\" target=\"_self\" rel=\"home\">Vista Paysage<\/a><\/h1>\n\n\n<p class=\"has-text-align-left\">11 clos vista d&#8217;agosta<\/p>\n\n\n\n<p>20166 Pietrosella<\/p>\n\n\n\n<p class=\"has-text-align-left has-small-font-size\"><\/p>\n\n\n\n<div style=\"height:0px\" aria-hidden=\"true\" class=\"wp-block-spacer wp-container-content-541a6b20\"><\/div>\n<\/div>\n\n\n<div class=\"is-default-size wp-block-site-logo\"><a href=\"https:\/\/vistapaysage.fr\/\" class=\"custom-logo-link\" rel=\"home\"><img loading=\"lazy\" decoding=\"async\" width=\"250\" height=\"250\" src=\"https:\/\/vistapaysage.fr\/wp-content\/uploads\/2025\/03\/cropped-Post-Carrousel-Instagram-conseils-Yoga-bien-etre-minimaliste-et-moderne-blanc-et-noir-2.png\" class=\"custom-logo\" alt=\"Logo entreprise Vista paysage\" srcset=\"https:\/\/vistapaysage.fr\/wp-content\/uploads\/2025\/03\/cropped-Post-Carrousel-Instagram-conseils-Yoga-bien-etre-minimaliste-et-moderne-blanc-et-noir-2.png 250w, https:\/\/vistapaysage.fr\/wp-content\/uploads\/2025\/03\/cropped-Post-Carrousel-Instagram-conseils-Yoga-bien-etre-minimaliste-et-moderne-blanc-et-noir-2-150x150.png 150w, https:\/\/vistapaysage.fr\/wp-content\/uploads\/2025\/03\/cropped-Post-Carrousel-Instagram-conseils-Yoga-bien-etre-minimaliste-et-moderne-blanc-et-noir-2-100x100.png 100w\" sizes=\"auto, 100vw\" \/><\/a><\/div>\n\n\n<div class=\"wp-block-group is-content-justification-center is-layout-flex wp-container-core-group-is-layout-25a1eb9d wp-block-group-is-layout-flex\">\n<div class=\"wp-block-group is-vertical is-content-justification-right is-layout-flex wp-container-core-group-is-layout-b6c475e2 wp-block-group-is-layout-flex\">\n<p class=\"has-text-align-left\"><strong>Social<\/strong><\/p>\n\n\n\n<div class=\"wp-block-group is-vertical is-content-justification-right is-layout-flex wp-container-core-group-is-layout-bfa53120 wp-block-group-is-layout-flex\">\n<p><a href=\"https:\/\/www.instagram.com\/vistapaysage\/\">Instagram<\/a><\/p>\n\n\n\n<p><\/p>\n<\/div>\n\n\n\n<div style=\"height:0px\" aria-hidden=\"true\" class=\"wp-block-spacer wp-container-content-541a6b20\"><\/div>\n<\/div>\n<\/div>\n<\/div>\n\n\n\n<p><\/p>\n","protected":false},"excerpt":{"rendered":"<p>Vous souhaitez concr\u00e9tiser vos projets paysagers, embellir et entretenir vos ext\u00e9rieurs ou obtenir des conseils sur l\u2019am\u00e9nagement de votre jardin ? Vista Paysage vous accompagne dans la cr\u00e9ation, la mise en valeur et l\u2019entretien de vos espaces verts. Que ce soit pour une conception sur-mesure, une r\u00e9novation paysag\u00e8re ou un entretien r\u00e9gulier, nous mettons notre &hellip; <\/p>\n<p class=\"link-more\"><a href=\"https:\/\/vistapaysage.fr\/?page_id=62\" class=\"more-link\">Continue reading<span class=\"screen-reader-text\"> &#8220;Contact&#8221;<\/span><\/a><\/p>\n","protected":false},"author":1,"featured_media":0,"parent":0,"menu_order":0,"comment_status":"closed","ping_status":"closed","template":"","meta":{"_monsterinsights_skip_tracking":false,"_monsterinsights_sitenote_active":false,"_monsterinsights_sitenote_note":"","_monsterinsights_sitenote_category":0,"footnotes":""},"class_list":["post-62","page","type-page","status-publish","hentry"],"aioseo_notices":[],"yoast_head":"<!-- This site is optimized with the Yoast SEO plugin v27.3 - https:\/\/yoast.com\/product\/yoast-seo-wordpress\/ -->\n<title>Contact - Vista Paysage<\/title>\n<meta name=\"description\" content=\"Vous souhaitez en savoirs plus, demandez un devis ou mettre en \u0153uvre vos projets ? N\u2019h\u00e9sitez pas \u00e0 remplir le formulaire de contact.\" \/>\n<meta name=\"robots\" content=\"index, follow, max-snippet:-1, max-image-preview:large, max-video-preview:-1\" \/>\n<link rel=\"canonical\" href=\"https:\/\/vistapaysage.fr\/?page_id=62\" \/>\n<meta property=\"og:locale\" content=\"en_US\" \/>\n<meta property=\"og:type\" content=\"article\" \/>\n<meta property=\"og:title\" content=\"Contact - Vista Paysage\" \/>\n<meta property=\"og:description\" content=\"Vous souhaitez en savoirs plus, demandez un devis ou mettre en \u0153uvre vos projets ? N\u2019h\u00e9sitez pas \u00e0 remplir le formulaire de contact.\" \/>\n<meta property=\"og:url\" content=\"https:\/\/vistapaysage.fr\/?page_id=62\" \/>\n<meta property=\"og:site_name\" content=\"Vista Paysage\" \/>\n<meta property=\"article:modified_time\" content=\"2025-03-11T09:55:44+00:00\" \/>\n<meta name=\"twitter:card\" content=\"summary_large_image\" \/>\n<meta name=\"twitter:label1\" content=\"Est. reading time\" \/>\n\t<meta name=\"twitter:data1\" content=\"1 minute\" \/>\n<script type=\"application\/ld+json\" class=\"yoast-schema-graph\">{\"@context\":\"https:\\\/\\\/schema.org\",\"@graph\":[{\"@type\":\"WebPage\",\"@id\":\"https:\\\/\\\/vistapaysage.fr\\\/?page_id=62\",\"url\":\"https:\\\/\\\/vistapaysage.fr\\\/?page_id=62\",\"name\":\"Contact - Vista Paysage\",\"isPartOf\":{\"@id\":\"https:\\\/\\\/vistapaysage.fr\\\/#website\"},\"datePublished\":\"2025-03-04T10:28:28+00:00\",\"dateModified\":\"2025-03-11T09:55:44+00:00\",\"description\":\"Vous souhaitez en savoirs plus, demandez un devis ou mettre en \u0153uvre vos projets ? N\u2019h\u00e9sitez pas \u00e0 remplir le formulaire de contact.\",\"breadcrumb\":{\"@id\":\"https:\\\/\\\/vistapaysage.fr\\\/?page_id=62#breadcrumb\"},\"inLanguage\":\"en-US\",\"potentialAction\":[{\"@type\":\"ReadAction\",\"target\":[\"https:\\\/\\\/vistapaysage.fr\\\/?page_id=62\"]}]},{\"@type\":\"BreadcrumbList\",\"@id\":\"https:\\\/\\\/vistapaysage.fr\\\/?page_id=62#breadcrumb\",\"itemListElement\":[{\"@type\":\"ListItem\",\"position\":1,\"name\":\"Accueil\",\"item\":\"https:\\\/\\\/vistapaysage.fr\\\/\"},{\"@type\":\"ListItem\",\"position\":2,\"name\":\"Contact\"}]},{\"@type\":\"WebSite\",\"@id\":\"https:\\\/\\\/vistapaysage.fr\\\/#website\",\"url\":\"https:\\\/\\\/vistapaysage.fr\\\/\",\"name\":\"Vista Paysage\",\"description\":\"Votre &quot;Uni-Vert&quot; sur mesure.\",\"publisher\":{\"@id\":\"https:\\\/\\\/vistapaysage.fr\\\/#organization\"},\"potentialAction\":[{\"@type\":\"SearchAction\",\"target\":{\"@type\":\"EntryPoint\",\"urlTemplate\":\"https:\\\/\\\/vistapaysage.fr\\\/?s={search_term_string}\"},\"query-input\":{\"@type\":\"PropertyValueSpecification\",\"valueRequired\":true,\"valueName\":\"search_term_string\"}}],\"inLanguage\":\"en-US\"},{\"@type\":\"Organization\",\"@id\":\"https:\\\/\\\/vistapaysage.fr\\\/#organization\",\"name\":\"Vista paysage\",\"alternateName\":\"Vista paysage\",\"url\":\"https:\\\/\\\/vistapaysage.fr\\\/\",\"logo\":{\"@type\":\"ImageObject\",\"inLanguage\":\"en-US\",\"@id\":\"https:\\\/\\\/vistapaysage.fr\\\/#\\\/schema\\\/logo\\\/image\\\/\",\"url\":\"https:\\\/\\\/vistapaysage.fr\\\/wp-content\\\/uploads\\\/2025\\\/03\\\/cropped-Post-Carrousel-Instagram-conseils-Yoga-bien-etre-minimaliste-et-moderne-blanc-et-noir-2.png\",\"contentUrl\":\"https:\\\/\\\/vistapaysage.fr\\\/wp-content\\\/uploads\\\/2025\\\/03\\\/cropped-Post-Carrousel-Instagram-conseils-Yoga-bien-etre-minimaliste-et-moderne-blanc-et-noir-2.png\",\"width\":250,\"height\":250,\"caption\":\"Vista paysage\"},\"image\":{\"@id\":\"https:\\\/\\\/vistapaysage.fr\\\/#\\\/schema\\\/logo\\\/image\\\/\"}}]}<\/script>\n<!-- \/ Yoast SEO plugin. -->","yoast_head_json":{"title":"Contact - Vista Paysage","description":"Vous souhaitez en savoirs plus, demandez un devis ou mettre en \u0153uvre vos projets ? N\u2019h\u00e9sitez pas \u00e0 remplir le formulaire de contact.","robots":{"index":"index","follow":"follow","max-snippet":"max-snippet:-1","max-image-preview":"max-image-preview:large","max-video-preview":"max-video-preview:-1"},"canonical":"https:\/\/vistapaysage.fr\/?page_id=62","og_locale":"en_US","og_type":"article","og_title":"Contact - Vista Paysage","og_description":"Vous souhaitez en savoirs plus, demandez un devis ou mettre en \u0153uvre vos projets ? N\u2019h\u00e9sitez pas \u00e0 remplir le formulaire de contact.","og_url":"https:\/\/vistapaysage.fr\/?page_id=62","og_site_name":"Vista Paysage","article_modified_time":"2025-03-11T09:55:44+00:00","twitter_card":"summary_large_image","twitter_misc":{"Est. reading time":"1 minute"},"schema":{"@context":"https:\/\/schema.org","@graph":[{"@type":"WebPage","@id":"https:\/\/vistapaysage.fr\/?page_id=62","url":"https:\/\/vistapaysage.fr\/?page_id=62","name":"Contact - Vista Paysage","isPartOf":{"@id":"https:\/\/vistapaysage.fr\/#website"},"datePublished":"2025-03-04T10:28:28+00:00","dateModified":"2025-03-11T09:55:44+00:00","description":"Vous souhaitez en savoirs plus, demandez un devis ou mettre en \u0153uvre vos projets ? N\u2019h\u00e9sitez pas \u00e0 remplir le formulaire de contact.","breadcrumb":{"@id":"https:\/\/vistapaysage.fr\/?page_id=62#breadcrumb"},"inLanguage":"en-US","potentialAction":[{"@type":"ReadAction","target":["https:\/\/vistapaysage.fr\/?page_id=62"]}]},{"@type":"BreadcrumbList","@id":"https:\/\/vistapaysage.fr\/?page_id=62#breadcrumb","itemListElement":[{"@type":"ListItem","position":1,"name":"Accueil","item":"https:\/\/vistapaysage.fr\/"},{"@type":"ListItem","position":2,"name":"Contact"}]},{"@type":"WebSite","@id":"https:\/\/vistapaysage.fr\/#website","url":"https:\/\/vistapaysage.fr\/","name":"Vista Paysage","description":"Votre &quot;Uni-Vert&quot; sur mesure.","publisher":{"@id":"https:\/\/vistapaysage.fr\/#organization"},"potentialAction":[{"@type":"SearchAction","target":{"@type":"EntryPoint","urlTemplate":"https:\/\/vistapaysage.fr\/?s={search_term_string}"},"query-input":{"@type":"PropertyValueSpecification","valueRequired":true,"valueName":"search_term_string"}}],"inLanguage":"en-US"},{"@type":"Organization","@id":"https:\/\/vistapaysage.fr\/#organization","name":"Vista paysage","alternateName":"Vista paysage","url":"https:\/\/vistapaysage.fr\/","logo":{"@type":"ImageObject","inLanguage":"en-US","@id":"https:\/\/vistapaysage.fr\/#\/schema\/logo\/image\/","url":"https:\/\/vistapaysage.fr\/wp-content\/uploads\/2025\/03\/cropped-Post-Carrousel-Instagram-conseils-Yoga-bien-etre-minimaliste-et-moderne-blanc-et-noir-2.png","contentUrl":"https:\/\/vistapaysage.fr\/wp-content\/uploads\/2025\/03\/cropped-Post-Carrousel-Instagram-conseils-Yoga-bien-etre-minimaliste-et-moderne-blanc-et-noir-2.png","width":250,"height":250,"caption":"Vista paysage"},"image":{"@id":"https:\/\/vistapaysage.fr\/#\/schema\/logo\/image\/"}}]}},"_links":{"self":[{"href":"https:\/\/vistapaysage.fr\/index.php?rest_route=\/wp\/v2\/pages\/62","targetHints":{"allow":["GET"]}}],"collection":[{"href":"https:\/\/vistapaysage.fr\/index.php?rest_route=\/wp\/v2\/pages"}],"about":[{"href":"https:\/\/vistapaysage.fr\/index.php?rest_route=\/wp\/v2\/types\/page"}],"author":[{"embeddable":true,"href":"https:\/\/vistapaysage.fr\/index.php?rest_route=\/wp\/v2\/users\/1"}],"replies":[{"embeddable":true,"href":"https:\/\/vistapaysage.fr\/index.php?rest_route=%2Fwp%2Fv2%2Fcomments&post=62"}],"version-history":[{"count":11,"href":"https:\/\/vistapaysage.fr\/index.php?rest_route=\/wp\/v2\/pages\/62\/revisions"}],"predecessor-version":[{"id":203,"href":"https:\/\/vistapaysage.fr\/index.php?rest_route=\/wp\/v2\/pages\/62\/revisions\/203"}],"wp:attachment":[{"href":"https:\/\/vistapaysage.fr\/index.php?rest_route=%2Fwp%2Fv2%2Fmedia&parent=62"}],"curies":[{"name":"wp","href":"https:\/\/api.w.org\/{rel}","templated":true}]}}