{"id":77,"date":"2025-03-04T11:34:58","date_gmt":"2025-03-04T10:34:58","guid":{"rendered":"https:\/\/vistapaysage.fr\/?page_id=77"},"modified":"2025-03-14T14:12:44","modified_gmt":"2025-03-14T13:12:44","slug":"accueil","status":"publish","type":"page","link":"https:\/\/vistapaysage.fr\/","title":{"rendered":"Paysagiste en Corse-du-Sud \u2013 Vista Paysage"},"content":{"rendered":"\n<h1 class=\"wp-block-heading has-text-align-center\"><strong>Votre &#8220;Uni-Vert&#8221; sur mesure<\/strong><\/h1>\n\n\n\n<p class=\"has-text-align-center\">Besoin d\u2019un <strong>paysagiste en Corse-du-Sud<\/strong> pour embellir vos ext\u00e9rieurs ? Vista Paysage vous accompagne dans la cr\u00e9ation, l\u2019am\u00e9nagement et l\u2019entretien de jardins adapt\u00e9s \u00e0 votre environnement.<\/p>\n\n\n\n<div class=\"wp-block-cover aligncenter is-light\"><span aria-hidden=\"true\" class=\"wp-block-cover__background has-background-dim-0 has-background-dim\"><\/span><img loading=\"lazy\" decoding=\"async\" width=\"6912\" height=\"3456\" class=\"wp-block-cover__image-background wp-image-260\" alt=\"Vista paysage Accueil - conception personnalis\u00e9e\" src=\"https:\/\/vistapaysage.fr\/wp-content\/uploads\/2025\/03\/Banniere-Promotion-de-produit-Professionnel-Beige-2-2.png\" data-object-fit=\"cover\" srcset=\"https:\/\/vistapaysage.fr\/wp-content\/uploads\/2025\/03\/Banniere-Promotion-de-produit-Professionnel-Beige-2-2.png 6912w, https:\/\/vistapaysage.fr\/wp-content\/uploads\/2025\/03\/Banniere-Promotion-de-produit-Professionnel-Beige-2-2-300x150.png 300w, https:\/\/vistapaysage.fr\/wp-content\/uploads\/2025\/03\/Banniere-Promotion-de-produit-Professionnel-Beige-2-2-1024x512.png 1024w, https:\/\/vistapaysage.fr\/wp-content\/uploads\/2025\/03\/Banniere-Promotion-de-produit-Professionnel-Beige-2-2-768x384.png 768w, https:\/\/vistapaysage.fr\/wp-content\/uploads\/2025\/03\/Banniere-Promotion-de-produit-Professionnel-Beige-2-2-1536x768.png 1536w, https:\/\/vistapaysage.fr\/wp-content\/uploads\/2025\/03\/Banniere-Promotion-de-produit-Professionnel-Beige-2-2-2048x1024.png 2048w\" sizes=\"auto, (max-width: 706px) 89vw, (max-width: 767px) 82vw, 740px\" \/><div class=\"wp-block-cover__inner-container is-layout-flow wp-block-cover-is-layout-flow\"><div class=\"wp-block-image wp-duotone-unset-1\">\n<figure class=\"aligncenter size-full is-resized\"><img loading=\"lazy\" decoding=\"async\" width=\"250\" height=\"250\" src=\"http:\/\/vistapaysage.fr\/wp-content\/uploads\/2025\/03\/cropped-Post-Carrousel-Instagram-conseils-Yoga-bien-etre-minimaliste-et-moderne-blanc-et-noir-2.png\" alt=\"Logo entreprise Vista paysage\" class=\"wp-image-206\" style=\"width:280px;height:auto\" srcset=\"https:\/\/vistapaysage.fr\/wp-content\/uploads\/2025\/03\/cropped-Post-Carrousel-Instagram-conseils-Yoga-bien-etre-minimaliste-et-moderne-blanc-et-noir-2.png 250w, https:\/\/vistapaysage.fr\/wp-content\/uploads\/2025\/03\/cropped-Post-Carrousel-Instagram-conseils-Yoga-bien-etre-minimaliste-et-moderne-blanc-et-noir-2-150x150.png 150w, https:\/\/vistapaysage.fr\/wp-content\/uploads\/2025\/03\/cropped-Post-Carrousel-Instagram-conseils-Yoga-bien-etre-minimaliste-et-moderne-blanc-et-noir-2-100x100.png 100w\" sizes=\"auto, (max-width: 250px) 100vw, 250px\" \/><\/figure>\n<\/div><\/div><\/div>\n\n\n\n<hr class=\"wp-block-separator has-alpha-channel-opacity\"\/>\n\n\n\n<div class=\"wp-block-media-text is-stacked-on-mobile\" style=\"grid-template-columns:35% auto\"><figure class=\"wp-block-media-text__media\"><img loading=\"lazy\" decoding=\"async\" width=\"819\" height=\"1024\" src=\"http:\/\/vistapaysage.fr\/wp-content\/uploads\/2025\/03\/Publication-Instagram-Estime-de-Soi-Illustration-Beige-et-Marron-819x1024.png\" alt=\"Vista paysage Accueil - Ecoute et analyse\" class=\"wp-image-267 size-full\" srcset=\"https:\/\/vistapaysage.fr\/wp-content\/uploads\/2025\/03\/Publication-Instagram-Estime-de-Soi-Illustration-Beige-et-Marron-819x1024.png 819w, https:\/\/vistapaysage.fr\/wp-content\/uploads\/2025\/03\/Publication-Instagram-Estime-de-Soi-Illustration-Beige-et-Marron-240x300.png 240w, https:\/\/vistapaysage.fr\/wp-content\/uploads\/2025\/03\/Publication-Instagram-Estime-de-Soi-Illustration-Beige-et-Marron-768x960.png 768w, https:\/\/vistapaysage.fr\/wp-content\/uploads\/2025\/03\/Publication-Instagram-Estime-de-Soi-Illustration-Beige-et-Marron.png 1080w\" sizes=\"auto, (max-width: 706px) 89vw, (max-width: 767px) 82vw, 740px\" \/><\/figure><div class=\"wp-block-media-text__content\">\n<h2 class=\"wp-block-heading\"><strong>Ecoute et Analyse<\/strong><\/h2>\n\n\n\n<ul class=\"wp-block-list\">\n<li>Comprendre vos besoins<\/li>\n\n\n\n<li>Etudier le site<\/li>\n\n\n\n<li>Prendre en compte l&#8217;environnement<\/li>\n<\/ul>\n<\/div><\/div>\n\n\n\n<div class=\"wp-block-media-text has-media-on-the-right is-stacked-on-mobile\" style=\"grid-template-columns:auto 35%\"><div class=\"wp-block-media-text__content\">\n<h2 class=\"wp-block-heading\"><strong>La conception personnalis\u00e9e<\/strong><\/h2>\n\n\n\n<ul class=\"wp-block-list\">\n<li>Cr\u00e9ativit\u00e9 et innovation<\/li>\n\n\n\n<li>Choix des v\u00e9g\u00e9taux <\/li>\n\n\n\n<li>Am\u00e9nagement de l&#8217;espace <\/li>\n\n\n\n<li>Choix des mat\u00e9riaux<\/li>\n<\/ul>\n<\/div><figure class=\"wp-block-media-text__media\"><img loading=\"lazy\" decoding=\"async\" width=\"819\" height=\"1024\" src=\"http:\/\/vistapaysage.fr\/wp-content\/uploads\/2025\/03\/Publication-Instagram-Estime-de-Soi-Illustration-Beige-et-Marron-2-819x1024.png\" alt=\"Vista paysage Accueil - conception personnalis\u00e9e\" class=\"wp-image-265 size-full\" srcset=\"https:\/\/vistapaysage.fr\/wp-content\/uploads\/2025\/03\/Publication-Instagram-Estime-de-Soi-Illustration-Beige-et-Marron-2-819x1024.png 819w, https:\/\/vistapaysage.fr\/wp-content\/uploads\/2025\/03\/Publication-Instagram-Estime-de-Soi-Illustration-Beige-et-Marron-2-240x300.png 240w, https:\/\/vistapaysage.fr\/wp-content\/uploads\/2025\/03\/Publication-Instagram-Estime-de-Soi-Illustration-Beige-et-Marron-2-768x960.png 768w, https:\/\/vistapaysage.fr\/wp-content\/uploads\/2025\/03\/Publication-Instagram-Estime-de-Soi-Illustration-Beige-et-Marron-2.png 1080w\" sizes=\"auto, (max-width: 706px) 89vw, (max-width: 767px) 82vw, 740px\" \/><\/figure><\/div>\n\n\n\n<div class=\"wp-block-media-text is-stacked-on-mobile\" style=\"grid-template-columns:35% auto\"><figure class=\"wp-block-media-text__media\"><img loading=\"lazy\" decoding=\"async\" width=\"819\" height=\"1024\" src=\"http:\/\/vistapaysage.fr\/wp-content\/uploads\/2025\/03\/Publication-Instagram-Estime-de-Soi-Illustration-Beige-et-Marron-1-819x1024.png\" alt=\"Vista paysage Accueil - conception personnalis\u00e9e\" class=\"wp-image-266 size-full\" srcset=\"https:\/\/vistapaysage.fr\/wp-content\/uploads\/2025\/03\/Publication-Instagram-Estime-de-Soi-Illustration-Beige-et-Marron-1-819x1024.png 819w, https:\/\/vistapaysage.fr\/wp-content\/uploads\/2025\/03\/Publication-Instagram-Estime-de-Soi-Illustration-Beige-et-Marron-1-240x300.png 240w, https:\/\/vistapaysage.fr\/wp-content\/uploads\/2025\/03\/Publication-Instagram-Estime-de-Soi-Illustration-Beige-et-Marron-1-768x960.png 768w, https:\/\/vistapaysage.fr\/wp-content\/uploads\/2025\/03\/Publication-Instagram-Estime-de-Soi-Illustration-Beige-et-Marron-1.png 1080w\" sizes=\"auto, (max-width: 706px) 89vw, (max-width: 767px) 82vw, 740px\" \/><\/figure><div class=\"wp-block-media-text__content\">\n<h2 class=\"wp-block-heading\"><strong>La r\u00e9alisation<\/strong><\/h2>\n\n\n\n<ul class=\"wp-block-list\">\n<li>Pr\u00e9paration du terrain<\/li>\n\n\n\n<li>Plantations et am\u00e9nagements<\/li>\n\n\n\n<li>Suivi de chantier<\/li>\n<\/ul>\n<\/div><\/div>\n\n\n\n<div class=\"wp-block-media-text has-media-on-the-right is-stacked-on-mobile\" style=\"grid-template-columns:auto 35%\"><div class=\"wp-block-media-text__content\">\n<h2 class=\"wp-block-heading\"><strong>L&#8217;accompagnement<\/strong><\/h2>\n\n\n\n<ul class=\"wp-block-list\">\n<li>Entretien de vos espaces ext\u00e9rieurs <\/li>\n\n\n\n<li>Conseil d&#8217;entretien <\/li>\n<\/ul>\n<\/div><figure class=\"wp-block-media-text__media\"><img loading=\"lazy\" decoding=\"async\" width=\"819\" height=\"1024\" src=\"http:\/\/vistapaysage.fr\/wp-content\/uploads\/2025\/03\/Publication-Instagram-Estime-de-Soi-Illustration-Beige-et-Marron-3-819x1024.png\" alt=\"Vista paysage Accueil - accompagnement\" class=\"wp-image-264 size-full\" srcset=\"https:\/\/vistapaysage.fr\/wp-content\/uploads\/2025\/03\/Publication-Instagram-Estime-de-Soi-Illustration-Beige-et-Marron-3-819x1024.png 819w, https:\/\/vistapaysage.fr\/wp-content\/uploads\/2025\/03\/Publication-Instagram-Estime-de-Soi-Illustration-Beige-et-Marron-3-240x300.png 240w, https:\/\/vistapaysage.fr\/wp-content\/uploads\/2025\/03\/Publication-Instagram-Estime-de-Soi-Illustration-Beige-et-Marron-3-768x960.png 768w, https:\/\/vistapaysage.fr\/wp-content\/uploads\/2025\/03\/Publication-Instagram-Estime-de-Soi-Illustration-Beige-et-Marron-3.png 1080w\" sizes=\"auto, (max-width: 706px) 89vw, (max-width: 767px) 82vw, 740px\" \/><\/figure><\/div>\n\n\n\n<p>Explorez d\u00e8s maintenant l\u2019ensemble de nos services et prestations, con\u00e7us pour r\u00e9pondre \u00e0 tous vos besoins en am\u00e9nagement paysager. <\/p>\n\n\n\n<p>Que vous souhaitiez cr\u00e9er un espace ext\u00e9rieur harmonieux, entretenir votre jardin ou valoriser votre propri\u00e9t\u00e9, votre paysagiste  vous propose des solutions adapt\u00e9es et un accompagnement sur mesure.<\/p>\n\n\n\n<p>Faites confiance \u00e0 notre expertise pour sublimer vos ext\u00e9rieurs, qu\u2019il s\u2019agisse d\u2019une r\u00e9sidence principale, secondaire ou d\u2019un espace professionnel.<\/p>\n\n\n\n<div class=\"wp-block-buttons is-content-justification-center is-layout-flex wp-container-core-buttons-is-layout-16018d1d wp-block-buttons-is-layout-flex\">\n<div class=\"wp-block-button\"><a class=\"wp-block-button__link wp-element-button\" href=\"https:\/\/vistapaysage.fr\/?page_id=2\">Nos services <\/a><\/div>\n<\/div>\n\n\n\n<div class=\"wp-block-group alignfull is-content-justification-center is-layout-flex wp-container-core-group-is-layout-fbf0f7ab wp-block-group-is-layout-flex\" style=\"margin-top:0;margin-bottom:0;padding-top:var(--wp--preset--spacing--50);padding-right:var(--wp--preset--spacing--30);padding-bottom:var(--wp--preset--spacing--50);padding-left:var(--wp--preset--spacing--30)\">\n<div class=\"wp-block-group wp-container-content-9cfa9a5a is-vertical is-content-justification-left is-layout-flex wp-container-core-group-is-layout-e497e2f9 wp-block-group-is-layout-flex\"><h1 class=\"wp-block-site-title has-medium-font-size\"><a href=\"https:\/\/vistapaysage.fr\" target=\"_self\" rel=\"home\">Vista Paysage<\/a><\/h1>\n\n\n<p class=\"has-text-align-left\">11 clos vista d&#8217;agosta<\/p>\n\n\n\n<p>20166 Pietrosella<\/p>\n\n\n\n<p class=\"has-text-align-left has-small-font-size\"><\/p>\n\n\n\n<div style=\"height:0px\" aria-hidden=\"true\" class=\"wp-block-spacer wp-container-content-541a6b20\"><\/div>\n<\/div>\n\n\n<div class=\"is-default-size wp-block-site-logo\"><a href=\"https:\/\/vistapaysage.fr\/\" class=\"custom-logo-link\" rel=\"home\"><img loading=\"lazy\" decoding=\"async\" width=\"250\" height=\"250\" src=\"https:\/\/vistapaysage.fr\/wp-content\/uploads\/2025\/03\/cropped-Post-Carrousel-Instagram-conseils-Yoga-bien-etre-minimaliste-et-moderne-blanc-et-noir-2.png\" class=\"custom-logo\" alt=\"Logo entreprise Vista paysage\" srcset=\"https:\/\/vistapaysage.fr\/wp-content\/uploads\/2025\/03\/cropped-Post-Carrousel-Instagram-conseils-Yoga-bien-etre-minimaliste-et-moderne-blanc-et-noir-2.png 250w, https:\/\/vistapaysage.fr\/wp-content\/uploads\/2025\/03\/cropped-Post-Carrousel-Instagram-conseils-Yoga-bien-etre-minimaliste-et-moderne-blanc-et-noir-2-150x150.png 150w, https:\/\/vistapaysage.fr\/wp-content\/uploads\/2025\/03\/cropped-Post-Carrousel-Instagram-conseils-Yoga-bien-etre-minimaliste-et-moderne-blanc-et-noir-2-100x100.png 100w\" sizes=\"auto, 100vw\" \/><\/a><\/div>\n\n\n<div class=\"wp-block-group is-content-justification-center is-layout-flex wp-container-core-group-is-layout-25a1eb9d wp-block-group-is-layout-flex\">\n<div class=\"wp-block-group is-vertical is-content-justification-right is-layout-flex wp-container-core-group-is-layout-b6c475e2 wp-block-group-is-layout-flex\">\n<p class=\"has-text-align-left\"><strong>Social<\/strong><\/p>\n\n\n\n<div class=\"wp-block-group is-vertical is-content-justification-right is-layout-flex wp-container-core-group-is-layout-bfa53120 wp-block-group-is-layout-flex\">\n<p><a href=\"https:\/\/www.instagram.com\/vistapaysage\/\">Instagram<\/a><\/p>\n\n\n\n<p><\/p>\n<\/div>\n\n\n\n<div style=\"height:0px\" aria-hidden=\"true\" class=\"wp-block-spacer wp-container-content-541a6b20\"><\/div>\n<\/div>\n<\/div>\n<\/div>\n\n\n\n<p><\/p>\n","protected":false},"excerpt":{"rendered":"<p>Votre &#8220;Uni-Vert&#8221; sur mesure Besoin d\u2019un paysagiste en Corse-du-Sud pour embellir vos ext\u00e9rieurs ? Vista Paysage vous accompagne dans la cr\u00e9ation, l\u2019am\u00e9nagement et l\u2019entretien de jardins adapt\u00e9s \u00e0 votre environnement. Explorez d\u00e8s maintenant l\u2019ensemble de nos services et prestations, con\u00e7us pour r\u00e9pondre \u00e0 tous vos besoins en am\u00e9nagement paysager. Que vous souhaitiez cr\u00e9er un espace &hellip; <\/p>\n<p class=\"link-more\"><a href=\"https:\/\/vistapaysage.fr\/\" class=\"more-link\">Continue reading<span class=\"screen-reader-text\"> &#8220;Paysagiste en Corse-du-Sud \u2013 Vista Paysage&#8221;<\/span><\/a><\/p>\n","protected":false},"author":1,"featured_media":0,"parent":0,"menu_order":0,"comment_status":"closed","ping_status":"closed","template":"","meta":{"_monsterinsights_skip_tracking":false,"_monsterinsights_sitenote_active":false,"_monsterinsights_sitenote_note":"","_monsterinsights_sitenote_category":0,"footnotes":""},"class_list":["post-77","page","type-page","status-publish","hentry"],"aioseo_notices":[],"yoast_head":"<!-- This site is optimized with the Yoast SEO plugin v27.3 - https:\/\/yoast.com\/product\/yoast-seo-wordpress\/ -->\n<title>Paysagiste Corse-du-Sud - Vista Paysage<\/title>\n<meta name=\"description\" content=\"Vista Paysage, votre expert paysagiste en Corse-du-Sud, sp\u00e9cialis\u00e9 dans la cr\u00e9ation, l&#039;am\u00e9nagement et l\u2019entretien d\u2019espaces verts.\" \/>\n<meta name=\"robots\" content=\"index, follow, max-snippet:-1, max-image-preview:large, max-video-preview:-1\" \/>\n<link rel=\"canonical\" href=\"https:\/\/vistapaysage.fr\/\" \/>\n<meta property=\"og:locale\" content=\"en_US\" \/>\n<meta property=\"og:type\" content=\"article\" \/>\n<meta property=\"og:title\" content=\"Paysagiste Corse-du-Sud - Vista Paysage\" \/>\n<meta property=\"og:description\" content=\"Vista Paysage, votre expert paysagiste en Corse-du-Sud, sp\u00e9cialis\u00e9 dans la cr\u00e9ation, l&#039;am\u00e9nagement et l\u2019entretien d\u2019espaces verts.\" \/>\n<meta property=\"og:url\" content=\"https:\/\/vistapaysage.fr\/\" \/>\n<meta property=\"og:site_name\" content=\"Vista Paysage\" \/>\n<meta property=\"article:modified_time\" content=\"2025-03-14T13:12:44+00:00\" \/>\n<meta property=\"og:image\" content=\"https:\/\/vistapaysage.fr\/wp-content\/uploads\/2025\/03\/Banniere-Promotion-de-produit-Professionnel-Beige-2-2.png\" \/>\n<meta name=\"twitter:card\" content=\"summary_large_image\" \/>\n<meta name=\"twitter:label1\" content=\"Est. reading time\" \/>\n\t<meta name=\"twitter:data1\" content=\"2 minutes\" \/>\n<script type=\"application\/ld+json\" class=\"yoast-schema-graph\">{\"@context\":\"https:\\\/\\\/schema.org\",\"@graph\":[{\"@type\":\"WebPage\",\"@id\":\"https:\\\/\\\/vistapaysage.fr\\\/\",\"url\":\"https:\\\/\\\/vistapaysage.fr\\\/\",\"name\":\"Paysagiste Corse-du-Sud - Vista Paysage\",\"isPartOf\":{\"@id\":\"https:\\\/\\\/vistapaysage.fr\\\/#website\"},\"primaryImageOfPage\":{\"@id\":\"https:\\\/\\\/vistapaysage.fr\\\/#primaryimage\"},\"image\":{\"@id\":\"https:\\\/\\\/vistapaysage.fr\\\/#primaryimage\"},\"thumbnailUrl\":\"https:\\\/\\\/vistapaysage.fr\\\/wp-content\\\/uploads\\\/2025\\\/03\\\/Banniere-Promotion-de-produit-Professionnel-Beige-2-2.png\",\"datePublished\":\"2025-03-04T10:34:58+00:00\",\"dateModified\":\"2025-03-14T13:12:44+00:00\",\"description\":\"Vista Paysage, votre expert paysagiste en Corse-du-Sud, sp\u00e9cialis\u00e9 dans la cr\u00e9ation, l'am\u00e9nagement et l\u2019entretien d\u2019espaces verts.\",\"breadcrumb\":{\"@id\":\"https:\\\/\\\/vistapaysage.fr\\\/#breadcrumb\"},\"inLanguage\":\"en-US\",\"potentialAction\":[{\"@type\":\"ReadAction\",\"target\":[\"https:\\\/\\\/vistapaysage.fr\\\/\"]}]},{\"@type\":\"ImageObject\",\"inLanguage\":\"en-US\",\"@id\":\"https:\\\/\\\/vistapaysage.fr\\\/#primaryimage\",\"url\":\"https:\\\/\\\/vistapaysage.fr\\\/wp-content\\\/uploads\\\/2025\\\/03\\\/Banniere-Promotion-de-produit-Professionnel-Beige-2-2.png\",\"contentUrl\":\"https:\\\/\\\/vistapaysage.fr\\\/wp-content\\\/uploads\\\/2025\\\/03\\\/Banniere-Promotion-de-produit-Professionnel-Beige-2-2.png\",\"width\":6912,\"height\":3456,\"caption\":\"Vista paysage Accueil - conception personnalis\u00e9e\"},{\"@type\":\"BreadcrumbList\",\"@id\":\"https:\\\/\\\/vistapaysage.fr\\\/#breadcrumb\",\"itemListElement\":[{\"@type\":\"ListItem\",\"position\":1,\"name\":\"Accueil\",\"item\":\"https:\\\/\\\/vistapaysage.fr\\\/\"},{\"@type\":\"ListItem\",\"position\":2,\"name\":\"Paysagiste en Corse-du-Sud \u2013 Vista Paysage\"}]},{\"@type\":\"WebSite\",\"@id\":\"https:\\\/\\\/vistapaysage.fr\\\/#website\",\"url\":\"https:\\\/\\\/vistapaysage.fr\\\/\",\"name\":\"Vista Paysage\",\"description\":\"Votre &quot;Uni-Vert&quot; sur mesure.\",\"publisher\":{\"@id\":\"https:\\\/\\\/vistapaysage.fr\\\/#organization\"},\"potentialAction\":[{\"@type\":\"SearchAction\",\"target\":{\"@type\":\"EntryPoint\",\"urlTemplate\":\"https:\\\/\\\/vistapaysage.fr\\\/?s={search_term_string}\"},\"query-input\":{\"@type\":\"PropertyValueSpecification\",\"valueRequired\":true,\"valueName\":\"search_term_string\"}}],\"inLanguage\":\"en-US\"},{\"@type\":\"Organization\",\"@id\":\"https:\\\/\\\/vistapaysage.fr\\\/#organization\",\"name\":\"Vista paysage\",\"alternateName\":\"Vista paysage\",\"url\":\"https:\\\/\\\/vistapaysage.fr\\\/\",\"logo\":{\"@type\":\"ImageObject\",\"inLanguage\":\"en-US\",\"@id\":\"https:\\\/\\\/vistapaysage.fr\\\/#\\\/schema\\\/logo\\\/image\\\/\",\"url\":\"https:\\\/\\\/vistapaysage.fr\\\/wp-content\\\/uploads\\\/2025\\\/03\\\/cropped-Post-Carrousel-Instagram-conseils-Yoga-bien-etre-minimaliste-et-moderne-blanc-et-noir-2.png\",\"contentUrl\":\"https:\\\/\\\/vistapaysage.fr\\\/wp-content\\\/uploads\\\/2025\\\/03\\\/cropped-Post-Carrousel-Instagram-conseils-Yoga-bien-etre-minimaliste-et-moderne-blanc-et-noir-2.png\",\"width\":250,\"height\":250,\"caption\":\"Vista paysage\"},\"image\":{\"@id\":\"https:\\\/\\\/vistapaysage.fr\\\/#\\\/schema\\\/logo\\\/image\\\/\"}}]}<\/script>\n<!-- \/ Yoast SEO plugin. -->","yoast_head_json":{"title":"Paysagiste Corse-du-Sud - Vista Paysage","description":"Vista Paysage, votre expert paysagiste en Corse-du-Sud, sp\u00e9cialis\u00e9 dans la cr\u00e9ation, l'am\u00e9nagement et l\u2019entretien d\u2019espaces verts.","robots":{"index":"index","follow":"follow","max-snippet":"max-snippet:-1","max-image-preview":"max-image-preview:large","max-video-preview":"max-video-preview:-1"},"canonical":"https:\/\/vistapaysage.fr\/","og_locale":"en_US","og_type":"article","og_title":"Paysagiste Corse-du-Sud - Vista Paysage","og_description":"Vista Paysage, votre expert paysagiste en Corse-du-Sud, sp\u00e9cialis\u00e9 dans la cr\u00e9ation, l'am\u00e9nagement et l\u2019entretien d\u2019espaces verts.","og_url":"https:\/\/vistapaysage.fr\/","og_site_name":"Vista Paysage","article_modified_time":"2025-03-14T13:12:44+00:00","og_image":[{"url":"https:\/\/vistapaysage.fr\/wp-content\/uploads\/2025\/03\/Banniere-Promotion-de-produit-Professionnel-Beige-2-2.png","type":"","width":"","height":""}],"twitter_card":"summary_large_image","twitter_misc":{"Est. reading time":"2 minutes"},"schema":{"@context":"https:\/\/schema.org","@graph":[{"@type":"WebPage","@id":"https:\/\/vistapaysage.fr\/","url":"https:\/\/vistapaysage.fr\/","name":"Paysagiste Corse-du-Sud - Vista Paysage","isPartOf":{"@id":"https:\/\/vistapaysage.fr\/#website"},"primaryImageOfPage":{"@id":"https:\/\/vistapaysage.fr\/#primaryimage"},"image":{"@id":"https:\/\/vistapaysage.fr\/#primaryimage"},"thumbnailUrl":"https:\/\/vistapaysage.fr\/wp-content\/uploads\/2025\/03\/Banniere-Promotion-de-produit-Professionnel-Beige-2-2.png","datePublished":"2025-03-04T10:34:58+00:00","dateModified":"2025-03-14T13:12:44+00:00","description":"Vista Paysage, votre expert paysagiste en Corse-du-Sud, sp\u00e9cialis\u00e9 dans la cr\u00e9ation, l'am\u00e9nagement et l\u2019entretien d\u2019espaces verts.","breadcrumb":{"@id":"https:\/\/vistapaysage.fr\/#breadcrumb"},"inLanguage":"en-US","potentialAction":[{"@type":"ReadAction","target":["https:\/\/vistapaysage.fr\/"]}]},{"@type":"ImageObject","inLanguage":"en-US","@id":"https:\/\/vistapaysage.fr\/#primaryimage","url":"https:\/\/vistapaysage.fr\/wp-content\/uploads\/2025\/03\/Banniere-Promotion-de-produit-Professionnel-Beige-2-2.png","contentUrl":"https:\/\/vistapaysage.fr\/wp-content\/uploads\/2025\/03\/Banniere-Promotion-de-produit-Professionnel-Beige-2-2.png","width":6912,"height":3456,"caption":"Vista paysage Accueil - conception personnalis\u00e9e"},{"@type":"BreadcrumbList","@id":"https:\/\/vistapaysage.fr\/#breadcrumb","itemListElement":[{"@type":"ListItem","position":1,"name":"Accueil","item":"https:\/\/vistapaysage.fr\/"},{"@type":"ListItem","position":2,"name":"Paysagiste en Corse-du-Sud \u2013 Vista Paysage"}]},{"@type":"WebSite","@id":"https:\/\/vistapaysage.fr\/#website","url":"https:\/\/vistapaysage.fr\/","name":"Vista Paysage","description":"Votre &quot;Uni-Vert&quot; sur mesure.","publisher":{"@id":"https:\/\/vistapaysage.fr\/#organization"},"potentialAction":[{"@type":"SearchAction","target":{"@type":"EntryPoint","urlTemplate":"https:\/\/vistapaysage.fr\/?s={search_term_string}"},"query-input":{"@type":"PropertyValueSpecification","valueRequired":true,"valueName":"search_term_string"}}],"inLanguage":"en-US"},{"@type":"Organization","@id":"https:\/\/vistapaysage.fr\/#organization","name":"Vista paysage","alternateName":"Vista paysage","url":"https:\/\/vistapaysage.fr\/","logo":{"@type":"ImageObject","inLanguage":"en-US","@id":"https:\/\/vistapaysage.fr\/#\/schema\/logo\/image\/","url":"https:\/\/vistapaysage.fr\/wp-content\/uploads\/2025\/03\/cropped-Post-Carrousel-Instagram-conseils-Yoga-bien-etre-minimaliste-et-moderne-blanc-et-noir-2.png","contentUrl":"https:\/\/vistapaysage.fr\/wp-content\/uploads\/2025\/03\/cropped-Post-Carrousel-Instagram-conseils-Yoga-bien-etre-minimaliste-et-moderne-blanc-et-noir-2.png","width":250,"height":250,"caption":"Vista paysage"},"image":{"@id":"https:\/\/vistapaysage.fr\/#\/schema\/logo\/image\/"}}]}},"_links":{"self":[{"href":"https:\/\/vistapaysage.fr\/index.php?rest_route=\/wp\/v2\/pages\/77","targetHints":{"allow":["GET"]}}],"collection":[{"href":"https:\/\/vistapaysage.fr\/index.php?rest_route=\/wp\/v2\/pages"}],"about":[{"href":"https:\/\/vistapaysage.fr\/index.php?rest_route=\/wp\/v2\/types\/page"}],"author":[{"embeddable":true,"href":"https:\/\/vistapaysage.fr\/index.php?rest_route=\/wp\/v2\/users\/1"}],"replies":[{"embeddable":true,"href":"https:\/\/vistapaysage.fr\/index.php?rest_route=%2Fwp%2Fv2%2Fcomments&post=77"}],"version-history":[{"count":35,"href":"https:\/\/vistapaysage.fr\/index.php?rest_route=\/wp\/v2\/pages\/77\/revisions"}],"predecessor-version":[{"id":301,"href":"https:\/\/vistapaysage.fr\/index.php?rest_route=\/wp\/v2\/pages\/77\/revisions\/301"}],"wp:attachment":[{"href":"https:\/\/vistapaysage.fr\/index.php?rest_route=%2Fwp%2Fv2%2Fmedia&parent=77"}],"curies":[{"name":"wp","href":"https:\/\/api.w.org\/{rel}","templated":true}]}}